{"id":473,"date":"2025-07-08T15:05:05","date_gmt":"2025-07-08T15:05:05","guid":{"rendered":"https:\/\/diceafrica.org\/?page_id=473"},"modified":"2025-08-17T09:00:57","modified_gmt":"2025-08-17T09:00:57","slug":"partners","status":"publish","type":"page","link":"https:\/\/diceafrica.org\/fr\/partners\/","title":{"rendered":"Partenaires"},"content":{"rendered":"<div data-elementor-type=\"wp-page\" data-elementor-id=\"473\" class=\"elementor elementor-473\" wpc-filter-elementor-widget=\"1\" data-elementor-post-type=\"page\">\n\t\t\t\t<div class=\"elementor-element elementor-element-cb99f75 e-flex e-con-boxed e-con e-parent\" data-id=\"cb99f75\" data-element_type=\"container\" data-e-type=\"container\" data-settings=\"{&quot;background_background&quot;:&quot;classic&quot;}\">\n\t\t\t\t\t<div class=\"e-con-inner\">\n\t\t\t\t<div class=\"elementor-element elementor-element-43d780f elementor-widget elementor-widget-heading\" data-id=\"43d780f\" data-element_type=\"widget\" data-e-type=\"widget\" data-widget_type=\"heading.default\">\n\t\t\t\t<div class=\"elementor-widget-container\">\n\t\t\t\t\t<h2 class=\"elementor-heading-title elementor-size-default\">Nos partenaires<\/h2>\t\t\t\t<\/div>\n\t\t\t\t<\/div>\n\t\t\t\t<div class=\"elementor-element elementor-element-1a15cb2 elementor-widget-divider--view-line elementor-widget elementor-widget-divider\" data-id=\"1a15cb2\" data-element_type=\"widget\" data-e-type=\"widget\" data-widget_type=\"divider.default\">\n\t\t\t\t<div class=\"elementor-widget-container\">\n\t\t\t\t\t\t\t<div class=\"elementor-divider\">\n\t\t\t<span class=\"elementor-divider-separator\">\n\t\t\t\t\t\t<\/span>\n\t\t<\/div>\n\t\t\t\t\t\t<\/div>\n\t\t\t\t<\/div>\n\t\t\t\t<div class=\"elementor-element elementor-element-a30d19f elementor-widget elementor-widget-text-editor\" data-id=\"a30d19f\" data-element_type=\"widget\" data-e-type=\"widget\" data-widget_type=\"text-editor.default\">\n\t\t\t\t<div class=\"elementor-widget-container\">\n\t\t\t\t\t\t\t\t\t<p>Cr\u00e9er un monde o\u00f9 les d\u00e9chets sont \u00e9limin\u00e9s, les ressources sont continuellement r\u00e9utilis\u00e9es et la croissance \u00e9conomique soutient la r\u00e9g\u00e9n\u00e9ration de l'environnement.<\/p>\t\t\t\t\t\t\t\t<\/div>\n\t\t\t\t<\/div>\n\t\t\t\t\t<\/div>\n\t\t\t\t<\/div>\n\t\t<div class=\"elementor-element elementor-element-830fb87 e-flex e-con-boxed e-con e-parent\" data-id=\"830fb87\" data-element_type=\"container\" data-e-type=\"container\">\n\t\t\t\t\t<div class=\"e-con-inner\">\n\t\t<div class=\"elementor-element elementor-element-33620d3 e-con-full e-flex e-con e-child\" data-id=\"33620d3\" data-element_type=\"container\" data-e-type=\"container\">\n\t\t<div class=\"elementor-element elementor-element-944250a e-con-full e-flex elementor-invisible e-con e-child\" data-id=\"944250a\" data-element_type=\"container\" data-e-type=\"container\" data-settings=\"{&quot;animation&quot;:&quot;fadeInLeft&quot;}\">\n\t\t\t\t<div class=\"elementor-element elementor-element-0619fc6 elementor-widget elementor-widget-image\" data-id=\"0619fc6\" data-element_type=\"widget\" data-e-type=\"widget\" data-widget_type=\"image.default\">\n\t\t\t\t<div class=\"elementor-widget-container\">\n\t\t\t\t\t\t\t\t\t\t\t\t\t\t\t<img fetchpriority=\"high\" decoding=\"async\" width=\"944\" height=\"264\" src=\"https:\/\/diceafrica.org\/wp-content\/uploads\/2025\/07\/IDRC.png\" class=\"attachment-full size-full wp-image-128\" alt=\"\" srcset=\"https:\/\/diceafrica.org\/wp-content\/uploads\/2025\/07\/IDRC.png 944w, https:\/\/diceafrica.org\/wp-content\/uploads\/2025\/07\/IDRC-300x84.png 300w, https:\/\/diceafrica.org\/wp-content\/uploads\/2025\/07\/IDRC-768x215.png 768w, https:\/\/diceafrica.org\/wp-content\/uploads\/2025\/07\/IDRC-18x5.png 18w\" sizes=\"(max-width: 944px) 100vw, 944px\" \/>\t\t\t\t\t\t\t\t\t\t\t\t\t\t\t<\/div>\n\t\t\t\t<\/div>\n\t\t\t\t<\/div>\n\t\t<div class=\"elementor-element elementor-element-d04e045 e-con-full e-flex e-con e-child\" data-id=\"d04e045\" data-element_type=\"container\" data-e-type=\"container\">\n\t\t\t\t<div class=\"elementor-element elementor-element-5d91536 elementor-invisible elementor-widget elementor-widget-heading\" data-id=\"5d91536\" data-element_type=\"widget\" data-e-type=\"widget\" data-settings=\"{&quot;_animation&quot;:&quot;fadeInRight&quot;}\" data-widget_type=\"heading.default\">\n\t\t\t\t<div class=\"elementor-widget-container\">\n\t\t\t\t\t<h2 class=\"elementor-heading-title elementor-size-default\">Centre de recherches pour le d\u00e9veloppement international<\/h2>\t\t\t\t<\/div>\n\t\t\t\t<\/div>\n\t\t\t\t<div class=\"elementor-element elementor-element-91e815d elementor-widget-divider--view-line elementor-widget elementor-widget-divider\" data-id=\"91e815d\" data-element_type=\"widget\" data-e-type=\"widget\" data-widget_type=\"divider.default\">\n\t\t\t\t<div class=\"elementor-widget-container\">\n\t\t\t\t\t\t\t<div class=\"elementor-divider\">\n\t\t\t<span class=\"elementor-divider-separator\">\n\t\t\t\t\t\t<\/span>\n\t\t<\/div>\n\t\t\t\t\t\t<\/div>\n\t\t\t\t<\/div>\n\t\t\t\t<div class=\"elementor-element elementor-element-570115d elementor-invisible elementor-widget elementor-widget-text-editor\" data-id=\"570115d\" data-element_type=\"widget\" data-e-type=\"widget\" data-settings=\"{&quot;_animation&quot;:&quot;fadeInDown&quot;}\" data-widget_type=\"text-editor.default\">\n\t\t\t\t<div class=\"elementor-widget-container\">\n\t\t\t\t\t\t\t\t\t<p>Dans le cadre des efforts du Canada en mati\u00e8re d\u2019affaires \u00e9trang\u00e8res et de d\u00e9veloppement, le Centre de recherches pour le d\u00e9veloppement international (CRDI) soutient et finance la recherche et l\u2019innovation au sein des r\u00e9gions en d\u00e9veloppement et en collaboration avec elles afin de stimuler le changement mondial. Nous investissons dans des recherches de haute qualit\u00e9 dans les pays en d\u00e9veloppement, partageons les connaissances avec les chercheurs et les d\u00e9cideurs pour une adoption et une utilisation accrues, et mobilisons nos alliances mondiales pour construire un monde plus durable et inclusif.<\/p>\t\t\t\t\t\t\t\t<\/div>\n\t\t\t\t<\/div>\n\t\t\t\t<\/div>\n\t\t\t\t<\/div>\n\t\t<div class=\"elementor-element elementor-element-14ae219 e-con-full e-flex elementor-invisible e-con e-child\" data-id=\"14ae219\" data-element_type=\"container\" data-e-type=\"container\" data-settings=\"{&quot;animation&quot;:&quot;fadeInUp&quot;}\">\n\t\t\t\t<div class=\"elementor-element elementor-element-63393eb elementor-widget elementor-widget-text-editor\" data-id=\"63393eb\" data-element_type=\"widget\" data-e-type=\"widget\" data-widget_type=\"text-editor.default\">\n\t\t\t\t<div class=\"elementor-widget-container\">\n\t\t\t\t\t\t\t\t\t<p>Notre si\u00e8ge social est situ\u00e9 \u00e0 Ottawa, au Canada, tandis que cinq bureaux r\u00e9gionaux nous permettent de rester proches des chercheurs et des projets que nous finan\u00e7ons. Les bureaux r\u00e9gionaux sont situ\u00e9s \u00e0 Montevideo, en Uruguay ; Nairobi, au Kenya ; Dakar, au S\u00e9n\u00e9gal ; Amman, en Jordanie ; et New Delhi, en Inde.<\/p><p>Le CRDI est dirig\u00e9 par un conseil compos\u00e9 d'un maximum de 14 gouverneurs, dont le pr\u00e9sident rend compte au Parlement par l'interm\u00e9diaire du ministre du D\u00e9veloppement international.<\/p><p>Le CRDI a \u00e9t\u00e9 cr\u00e9\u00e9 par une loi du Parlement canadien en 1970 avec pour mandat \u00ab d'initier, d'encourager, de soutenir et de mener des recherches sur les probl\u00e8mes des r\u00e9gions en d\u00e9veloppement du monde et sur les moyens d'appliquer et d'adapter les connaissances scientifiques, techniques et autres au progr\u00e8s \u00e9conomique et social de ces r\u00e9gions \u00bb.<\/p>\t\t\t\t\t\t\t\t<\/div>\n\t\t\t\t<\/div>\n\t\t\t\t<div class=\"elementor-element elementor-element-21cb94f elementor-align-left elementor-tablet-align-center elementor-invisible elementor-widget elementor-widget-button\" data-id=\"21cb94f\" data-element_type=\"widget\" data-e-type=\"widget\" data-settings=\"{&quot;_animation&quot;:&quot;bounceIn&quot;}\" data-widget_type=\"button.default\">\n\t\t\t\t<div class=\"elementor-widget-container\">\n\t\t\t\t\t\t\t\t\t<div class=\"elementor-button-wrapper\">\n\t\t\t\t\t<a class=\"elementor-button elementor-button-link elementor-size-md\" href=\"https:\/\/idrc-crdi.ca\/en\">\n\t\t\t\t\t\t<span class=\"elementor-button-content-wrapper\">\n\t\t\t\t\t\t\t\t\t<span class=\"elementor-button-text\">Visitez IDRC CANADA<\/span>\n\t\t\t\t\t<\/span>\n\t\t\t\t\t<\/a>\n\t\t\t\t<\/div>\n\t\t\t\t\t\t\t\t<\/div>\n\t\t\t\t<\/div>\n\t\t\t\t<\/div>\n\t\t\t\t\t<\/div>\n\t\t\t\t<\/div>\n\t\t<div class=\"elementor-element elementor-element-c5e00b4 e-flex e-con-boxed e-con e-parent\" data-id=\"c5e00b4\" data-element_type=\"container\" data-e-type=\"container\" data-settings=\"{&quot;background_background&quot;:&quot;classic&quot;}\">\n\t\t\t\t\t<div class=\"e-con-inner\">\n\t\t<div class=\"elementor-element elementor-element-2f6ffb5 e-con-full e-flex e-con e-child\" data-id=\"2f6ffb5\" data-element_type=\"container\" data-e-type=\"container\">\n\t\t<div class=\"elementor-element elementor-element-171d73f e-con-full e-flex elementor-invisible e-con e-child\" data-id=\"171d73f\" data-element_type=\"container\" data-e-type=\"container\" data-settings=\"{&quot;animation&quot;:&quot;fadeInLeft&quot;}\">\n\t\t\t\t<div class=\"elementor-element elementor-element-7c8b1e8 elementor-widget elementor-widget-image\" data-id=\"7c8b1e8\" data-element_type=\"widget\" data-e-type=\"widget\" data-widget_type=\"image.default\">\n\t\t\t\t<div class=\"elementor-widget-container\">\n\t\t\t\t\t\t\t\t\t\t\t\t\t\t\t<img decoding=\"async\" width=\"981\" height=\"862\" src=\"https:\/\/diceafrica.org\/wp-content\/uploads\/2025\/07\/NCIC_logo.png\" class=\"attachment-full size-full wp-image-129\" alt=\"\" srcset=\"https:\/\/diceafrica.org\/wp-content\/uploads\/2025\/07\/NCIC_logo.png 981w, https:\/\/diceafrica.org\/wp-content\/uploads\/2025\/07\/NCIC_logo-300x264.png 300w, https:\/\/diceafrica.org\/wp-content\/uploads\/2025\/07\/NCIC_logo-768x675.png 768w, https:\/\/diceafrica.org\/wp-content\/uploads\/2025\/07\/NCIC_logo-14x12.png 14w\" sizes=\"(max-width: 981px) 100vw, 981px\" \/>\t\t\t\t\t\t\t\t\t\t\t\t\t\t\t<\/div>\n\t\t\t\t<\/div>\n\t\t\t\t<\/div>\n\t\t<div class=\"elementor-element elementor-element-55946e7 e-con-full e-flex e-con e-child\" data-id=\"55946e7\" data-element_type=\"container\" data-e-type=\"container\">\n\t\t\t\t<div class=\"elementor-element elementor-element-7bed4ea elementor-invisible elementor-widget elementor-widget-heading\" data-id=\"7bed4ea\" data-element_type=\"widget\" data-e-type=\"widget\" data-settings=\"{&quot;_animation&quot;:&quot;fadeInRight&quot;}\" data-widget_type=\"heading.default\">\n\t\t\t\t<div class=\"elementor-widget-container\">\n\t\t\t\t\t<h2 class=\"elementor-heading-title elementor-size-default\">Centre nig\u00e9rian d'innovation climatique<\/h2>\t\t\t\t<\/div>\n\t\t\t\t<\/div>\n\t\t\t\t<div class=\"elementor-element elementor-element-41f9fcd elementor-widget-divider--view-line elementor-widget elementor-widget-divider\" data-id=\"41f9fcd\" data-element_type=\"widget\" data-e-type=\"widget\" data-widget_type=\"divider.default\">\n\t\t\t\t<div class=\"elementor-widget-container\">\n\t\t\t\t\t\t\t<div class=\"elementor-divider\">\n\t\t\t<span class=\"elementor-divider-separator\">\n\t\t\t\t\t\t<\/span>\n\t\t<\/div>\n\t\t\t\t\t\t<\/div>\n\t\t\t\t<\/div>\n\t\t\t\t<div class=\"elementor-element elementor-element-a921a92 elementor-invisible elementor-widget elementor-widget-text-editor\" data-id=\"a921a92\" data-element_type=\"widget\" data-e-type=\"widget\" data-settings=\"{&quot;_animation&quot;:&quot;fadeInUp&quot;}\" data-widget_type=\"text-editor.default\">\n\t\t\t\t<div class=\"elementor-widget-container\">\n\t\t\t\t\t\t\t\t\t<p>Dans le cadre de la strat\u00e9gie nationale du Nigeria en mati\u00e8re de climat et de d\u00e9veloppement, le Centre d'Innovation Climatique du Nigeria (NCIC) a \u00e9t\u00e9 cr\u00e9\u00e9 par la Banque mondiale en 2018 avec le soutien du bureau du vice-pr\u00e9sident. Le NCIC dirige l'innovation dans l'\u00e9conomie verte du Nigeria en promouvant une croissance propre et inclusive dans les secteurs priv\u00e9 et public. Nous nous concentrons sur quatre domaines th\u00e9matiques cl\u00e9s : \u00c9nergies renouvelables, Gestion des d\u00e9chets (circularit\u00e9), Agriculture intelligente et Innovation dans le domaine de l'eau.<\/p>\t\t\t\t\t\t\t\t<\/div>\n\t\t\t\t<\/div>\n\t\t\t\t<\/div>\n\t\t\t\t<\/div>\n\t\t<div class=\"elementor-element elementor-element-f251763 e-con-full e-flex elementor-invisible e-con e-child\" data-id=\"f251763\" data-element_type=\"container\" data-e-type=\"container\" data-settings=\"{&quot;animation&quot;:&quot;fadeInUp&quot;}\">\n\t\t\t\t<div class=\"elementor-element elementor-element-671e687 elementor-widget elementor-widget-text-editor\" data-id=\"671e687\" data-element_type=\"widget\" data-e-type=\"widget\" data-widget_type=\"text-editor.default\">\n\t\t\t\t<div class=\"elementor-widget-container\">\n\t\t\t\t\t\t\t\t\t<p data-start=\"688\" data-end=\"1125\">Nous favorisons l'entrepreneuriat intelligent face au climat en soutenant les innovateurs de terrain, en renfor\u00e7ant les institutions et en d\u00e9veloppant les capacit\u00e9s locales. Nos programmes fournissent aux individus et aux organisations les outils et la formation n\u00e9cessaires pour r\u00e9pondre au changement climatique et construire des moyens de subsistance r\u00e9silients. Nous offrons \u00e9galement des services de conseil \u00e0 de nombreux partenaires locaux et internationaux sur l'\u00e9laboration de programmes \u00e9ducatifs sur le climat, le d\u00e9veloppement de cha\u00eenes de valeur vertes et l'exploitation des opportunit\u00e9s \u00e9cologiques.<\/p><p data-start=\"1127\" data-end=\"1391\">Notre travail est en accord avec les Objectifs de D\u00e9veloppement Durable de l'ONU et est r\u00e9alis\u00e9 gr\u00e2ce \u00e0 des partenariats solides \u00e0 travers l'\u00e9cosyst\u00e8me. NCIC est situ\u00e9 au Centre de D\u00e9veloppement des Entreprises, Universit\u00e9 Pan-Atlantique, Lagos Business School, Lekki-Epe Expressway, Lagos, Nigeria.<\/p>\t\t\t\t\t\t\t\t<\/div>\n\t\t\t\t<\/div>\n\t\t\t\t<div class=\"elementor-element elementor-element-ade8287 elementor-align-left elementor-tablet-align-center elementor-invisible elementor-widget elementor-widget-button\" data-id=\"ade8287\" data-element_type=\"widget\" data-e-type=\"widget\" data-settings=\"{&quot;_animation&quot;:&quot;bounceIn&quot;}\" data-widget_type=\"button.default\">\n\t\t\t\t<div class=\"elementor-widget-container\">\n\t\t\t\t\t\t\t\t\t<div class=\"elementor-button-wrapper\">\n\t\t\t\t\t<a class=\"elementor-button elementor-button-link elementor-size-md\" href=\"https:\/\/nigeriacic.org\/\">\n\t\t\t\t\t\t<span class=\"elementor-button-content-wrapper\">\n\t\t\t\t\t\t\t\t\t<span class=\"elementor-button-text\">Visit NCIC<\/span>\n\t\t\t\t\t<\/span>\n\t\t\t\t\t<\/a>\n\t\t\t\t<\/div>\n\t\t\t\t\t\t\t\t<\/div>\n\t\t\t\t<\/div>\n\t\t\t\t<\/div>\n\t\t\t\t\t<\/div>\n\t\t\t\t<\/div>\n\t\t\t\t<\/div>","protected":false},"excerpt":{"rendered":"<p>Our Partners We highlight real-world circular economy practices and success stories from Nigeria, Ghana, Senegal, and C\u00f4te d\u2019Ivoire, showcasing how innovation drives sustainability across the region. International Development Research Centre As part of Canada\u2019s foreign affairs and development efforts, the International Development Research Centre (IDRC) champions and funds research and innovation within and alongside developing [&hellip;]<\/p>\n","protected":false},"author":1,"featured_media":0,"parent":0,"menu_order":0,"comment_status":"closed","ping_status":"closed","template":"elementor_header_footer","meta":{"footnotes":""},"class_list":["post-473","page","type-page","status-publish","hentry"],"_links":{"self":[{"href":"https:\/\/diceafrica.org\/fr\/wp-json\/wp\/v2\/pages\/473","targetHints":{"allow":["GET"]}}],"collection":[{"href":"https:\/\/diceafrica.org\/fr\/wp-json\/wp\/v2\/pages"}],"about":[{"href":"https:\/\/diceafrica.org\/fr\/wp-json\/wp\/v2\/types\/page"}],"author":[{"embeddable":true,"href":"https:\/\/diceafrica.org\/fr\/wp-json\/wp\/v2\/users\/1"}],"replies":[{"embeddable":true,"href":"https:\/\/diceafrica.org\/fr\/wp-json\/wp\/v2\/comments?post=473"}],"version-history":[{"count":83,"href":"https:\/\/diceafrica.org\/fr\/wp-json\/wp\/v2\/pages\/473\/revisions"}],"predecessor-version":[{"id":1517,"href":"https:\/\/diceafrica.org\/fr\/wp-json\/wp\/v2\/pages\/473\/revisions\/1517"}],"wp:attachment":[{"href":"https:\/\/diceafrica.org\/fr\/wp-json\/wp\/v2\/media?parent=473"}],"curies":[{"name":"wp","href":"https:\/\/api.w.org\/{rel}","templated":true}]}}